{"id":11,"date":"2022-08-10T18:33:15","date_gmt":"2022-08-10T18:33:15","guid":{"rendered":"http:\/\/distanciadestino.com\/?page_id=11"},"modified":"2022-09-06T12:34:16","modified_gmt":"2022-09-06T10:34:16","slug":"create-your-website-with-blocks","status":"publish","type":"page","link":"https:\/\/distanciadestino.com\/","title":{"rendered":"Distancia Destino"},"content":{"rendered":"<p>[et_pb_section fb_built=\u00bb1&#8243; admin_label=\u00bbsection\u00bb _builder_version=\u00bb4.17.6&#8243; background_image=\u00bbhttp:\/\/distanciadestino.com\/wp-content\/uploads\/2022\/09\/callejero.png\u00bb background_blend=\u00bbluminosity\u00bb min_height=\u00bb415.4px\u00bb global_colors_info=\u00bb{}\u00bb][et_pb_row _builder_version=\u00bb4.17.6&#8243; _module_preset=\u00bbdefault\u00bb global_colors_info=\u00bb{}\u00bb][et_pb_column type=\u00bb4_4&#8243; _builder_version=\u00bb4.17.6&#8243; _module_preset=\u00bbdefault\u00bb global_colors_info=\u00bb{}\u00bb][et_pb_text _builder_version=\u00bb4.17.6&#8243; _module_preset=\u00bbdefault\u00bb inline_fonts=\u00bbRaleway,Fahkwang\u00bb global_colors_info=\u00bb{}\u00bb]<\/p>\n<p style=\"text-align: center;\"><span style=\"font-family: Fahkwang; font-size: 3.25rem;\">La forma f\u00e1cil de ordenar los <span style=\"color: #188d9f;\">destinos<\/span><\/span><\/p>\n<p>[\/et_pb_text][et_pb_text _builder_version=\u00bb4.17.6&#8243; _module_preset=\u00bbdefault\u00bb inline_fonts=\u00bbRaleway\u00bb global_colors_info=\u00bb{}\u00bb]<\/p>\n<p style=\"text-align: center; font-family: Fahkwang; font-size: 2rem; font-weight:300;\">Ordenados por Tiempo y por Distancia<\/p>\n<p>[\/et_pb_text][et_pb_text _builder_version=\u00bb4.17.6&#8243; _module_preset=\u00bbdefault\u00bb text_font=\u00bb|300|||||||\u00bb inline_fonts=\u00bbAbril Fatface,Raleway\u00bb global_colors_info=\u00bb{}\u00bb]<\/p>\n<p style=\"text-align: center; font-family: Raleway; font-size: 1.5rem; font-weight:300;\">Rellene el formulario &#8211; Haga el pago &#8211; Reciba los destinos ordenados<\/p>\n<p>[\/et_pb_text][et_pb_text _builder_version=\u00bb4.17.6&#8243; _module_preset=\u00bbdefault\u00bb link_option_url=\u00bb#anchor-descargable\u00bb inline_fonts=\u00bbRaleway\u00bb global_colors_info=\u00bb{}\u00bb]<\/p>\n<p style=\"text-align: center; font-family: Raleway; font-size: 1.2rem; font-weight: 300; color: #188d9f;\">Ejemplo descargable al pie de esta p\u00e1gina.<\/p>\n<p>[\/et_pb_text][\/et_pb_column][\/et_pb_row][\/et_pb_section][et_pb_section fb_built=\u00bb1&#8243; admin_label=\u00bbsection\u00bb _builder_version=\u00bb4.17.6&#8243; global_colors_info=\u00bb{}\u00bb][et_pb_row column_structure=\u00bb1_3,1_3,1_3&#8243; _builder_version=\u00bb4.17.6&#8243; _module_preset=\u00bbdefault\u00bb width=\u00bb100%\u00bb min_height=\u00bb219.8px\u00bb custom_margin=\u00bb70px|auto||auto|false|false\u00bb global_colors_info=\u00bb{}\u00bb][et_pb_column type=\u00bb1_3&#8243; _builder_version=\u00bb4.17.6&#8243; _module_preset=\u00bbdefault\u00bb global_colors_info=\u00bb{}\u00bb][et_pb_text _builder_version=\u00bb4.17.6&#8243; _module_preset=\u00bbdefault\u00bb custom_padding=\u00bb||0px|||\u00bb inline_fonts=\u00bbFahkwang,Raleway\u00bb global_colors_info=\u00bb{}\u00bb]<\/p>\n<p><span style=\"font-family: Raleway; font-weight: normal;\"><span style=\"font-size: large;\">PASO 1<\/span><br \/><\/span><\/p>\n<p><span style=\"font-size: xx-large; font-family: Fahkwang; font-weight: normal;\">Formulario<\/span><\/p>\n<p><span style=\"font-size: medium; font-family: Raleway; font-weight: normal;\">Complete el formulario que aparece a continuaci\u00f3n o a trav\u00e9s del siguiente enlace:<\/span><span style=\"font-size: large;\"><\/span><\/p>\n<\/p>\n<p>[\/et_pb_text][et_pb_text _builder_version=\u00bb4.17.6&#8243; _module_preset=\u00bbdefault\u00bb text_text_color=\u00bb#1FE0BA\u00bb custom_margin=\u00bb-31px|||||\u00bb global_colors_info=\u00bb{}\u00bb]<\/p>\n<p style=\"text-align: center;\"><a href=\"https:\/\/forms.gle\/mdFpeVK2ZW6QVDRt7\"><span style=\"color: #188d9f; font-size: large;\">Formulario Distancia Destino<\/span><\/a><\/p>\n<p>[\/et_pb_text][\/et_pb_column][et_pb_column type=\u00bb1_3&#8243; _builder_version=\u00bb4.17.6&#8243; _module_preset=\u00bbdefault\u00bb global_colors_info=\u00bb{}\u00bb][et_pb_text _builder_version=\u00bb4.17.6&#8243; _module_preset=\u00bbdefault\u00bb text_font=\u00bbRaleway|300|||||||\u00bb custom_padding=\u00bb|0px||||\u00bb inline_fonts=\u00bbFahkwang,Roboto,Raleway\u00bb global_colors_info=\u00bb{}\u00bb]<\/p>\n<p><span style=\"font-family: Raleway; font-weight: normal;\"><span style=\"font-size: large; font-family: Raleway;\">PASO 2<\/span><br \/><\/span><\/p>\n<p><span style=\"font-size: xx-large; font-family: Fahkwang; font-weight: normal;\">Pago<\/span><\/p>\n<p><span style=\"font-size: medium; font-family: Raleway; font-weight: normal;\">Calcule la cuant\u00eda de su petici\u00f3n y haga su ingreso por Bizum (655 54 36 53) o Paypal (distanciadestino@gmail.com).<\/span><\/p>\n<p><span style=\"font-size: medium; font-family: Raleway;\">&gt; 1 Etapa educativa + 2 Provincias = 5\u20ac<\/span><\/p>\n<p><span style=\"font-size: medium; font-family: Raleway;\">&gt; Cada provincia extra = +2\u20ac<\/span><\/p>\n<p>[\/et_pb_text][\/et_pb_column][et_pb_column type=\u00bb1_3&#8243; _builder_version=\u00bb4.17.6&#8243; _module_preset=\u00bbdefault\u00bb global_colors_info=\u00bb{}\u00bb][et_pb_text _builder_version=\u00bb4.17.6&#8243; _module_preset=\u00bbdefault\u00bb text_font=\u00bbRaleway|300|||||||\u00bb inline_fonts=\u00bbFahkwang,Roboto,Raleway,Rakkas\u00bb global_colors_info=\u00bb{}\u00bb]<\/p>\n<p><span style=\"font-family: Raleway; font-weight: normal;\"><span style=\"font-size: large;\">PASO 3<\/span><br \/><\/span><\/p>\n<p><span style=\"font-size: xx-large; font-family: Fahkwang; font-weight: normal;\">Listados<\/span><\/p>\n<p><span style=\"font-family: Raleway; font-weight: normal; font-size: medium;\">Obtenga un PDF con listados de:<\/span><\/p>\n<ol>\n<li><span style=\"font-family: Raleway; font-weight: normal; font-size: medium;\">Centros por Localidad y Provincia<\/span><\/li>\n<li><span style=\"font-family: Raleway; font-weight: normal; font-size: medium;\">Centros por minutos conduciendo<\/span><\/li>\n<li><span style=\"font-family: Raleway; font-weight: normal; font-size: medium;\">Centros por distancia en kil\u00f3metros<\/span><\/li>\n<li><span style=\"font-family: Raleway; font-weight: normal; font-size: medium;\">Localidades por minutos conduciendo<\/span><\/li>\n<\/ol>\n<p>[\/et_pb_text][\/et_pb_column][\/et_pb_row][et_pb_row _builder_version=\u00bb4.17.6&#8243; _module_preset=\u00bbdefault\u00bb global_colors_info=\u00bb{}\u00bb][et_pb_column type=\u00bb4_4&#8243; _builder_version=\u00bb4.17.6&#8243; _module_preset=\u00bbdefault\u00bb global_colors_info=\u00bb{}\u00bb][et_pb_text _builder_version=\u00bb4.17.6&#8243; _module_preset=\u00bbdefault\u00bb global_colors_info=\u00bb{}\u00bb]<\/p>\n<p style=\"margin-top: 2em; text-align: center; font-family: Raleway; font-size: 2.4rem; font-weight: 300\">PASO 1<\/span><\/span><\/p>\n<p style=\"margin-top: 0em;text-align: center;\"><span style=\"font-family: Fahkwang; font-size: 3rem;\">Formulario<\/span><\/span><\/p>\n<p style=\"margin-top: 2em;text-align: center; font-family: Raleway; font-size: 1.3rem;\">Puede completar su petici\u00f3n desde el siguiente formulario.<\/p>\n<p>[\/et_pb_text][et_pb_text _builder_version=\u00bb4.17.6&#8243; _module_preset=\u00bbdefault\u00bb min_height=\u00bb3217.9px\u00bb global_colors_info=\u00bb{}\u00bb]<iframe loading=\"lazy\" src=\"https:\/\/docs.google.com\/forms\/d\/e\/1FAIpQLSdCKJs6gKg90vwXHbqhJ8w-yuNw_tAxwUpsWPpHIlG1hp-Nfg\/viewform?embedded=true\" marginheight=\"0\" marginwidth=\"0\" width=\"100%\" height=\"3180\" frameborder=\"0\"><\/iframe>[\/et_pb_text][\/et_pb_column][\/et_pb_row][et_pb_row module_id=\u00bbanchor-descargable\u00bb _builder_version=\u00bb4.17.6&#8243; _module_preset=\u00bbdefault\u00bb background_color=\u00bb#e5e5e5&#8243; global_colors_info=\u00bb{}\u00bb][et_pb_column type=\u00bb4_4&#8243; _builder_version=\u00bb4.17.6&#8243; _module_preset=\u00bbdefault\u00bb global_colors_info=\u00bb{}\u00bb][et_pb_cta title=\u00bbDESCARGABLE\u00bb button_url=\u00bbhttps:\/\/www.distanciadestino.com\/wp-content\/uploads\/2022\/08\/Ejemplo.pdf\u00bb url_new_window=\u00bbon\u00bb button_text=\u00bbDESCARGAR EJEMPLO.PDF\u00bb _builder_version=\u00bb4.17.6&#8243; _module_preset=\u00bbdefault\u00bb header_font=\u00bbFahkwang||||||||\u00bb header_text_align=\u00bbleft\u00bb header_font_size=\u00bb22px\u00bb body_text_align=\u00bbcenter\u00bb use_background_color=\u00bboff\u00bb custom_button=\u00bbon\u00bb button_text_size=\u00bb16px\u00bb button_text_color=\u00bb#FFFFFF\u00bb button_bg_color=\u00bb#000000&#8243; button_letter_spacing=\u00bb2px\u00bb button_icon=\u00bb&#xe092;||divi||400&#8243; button_icon_color=\u00bb#FFFFFF\u00bb button_icon_placement=\u00bbleft\u00bb button_on_hover=\u00bboff\u00bb button_alignment=\u00bbcenter\u00bb button_custom_margin=\u00bb25px||||false|false\u00bb background_layout=\u00bblight\u00bb custom_margin=\u00bb|30px||30px|false|false\u00bb link_option_url_new_window=\u00bbon\u00bb hover_enabled=\u00bb0&#8243; global_colors_info=\u00bb{}\u00bb sticky_enabled=\u00bb0&#8243;]<\/p>\n<p style=\"text-align: center; font-size: 1.2em; line-height: 0.5rem;\"><span style=\"font-family: Raleway; font-weight: normal;\">Listado de centros de<\/span><\/p>\n<p style=\"text-align: center; font-size: 1.2em; line-height: 0.5rem;\"><span style=\"color: #008080; font-family: Raleway; font-weight: normal;\">Secundaria y Bachillerato<\/span><\/p>\n<p style=\"text-align: center; font-size: 1.2em; line-height: 0.5rem;\"><span style=\"font-family: Raleway; font-weight: normal;\">de las provincias de <span style=\"color: #008080;\">C\u00f3rdoba y M\u00e1laga<\/span><\/span><\/p>\n<p style=\"text-align: center; font-size: 1.2em; line-height: 0.5rem;\"><span style=\"font-family: Raleway; font-weight: normal;\">con plazas <span style=\"color: #008080;\">biling\u00fces de Ingl\u00e9s<\/span><\/span><\/p>\n<p style=\"text-align: center; font-size: 1.2em; line-height: 0.5rem;\"><span style=\"font-family: Raleway; font-weight: normal;\">desde la <span style=\"color: #008080;\">calle Juan Ram\u00f3n Jim\u00e9nez, Moguer (Huelva)<\/span>.<\/span><\/p>\n<p>[\/et_pb_cta][\/et_pb_column][\/et_pb_row][\/et_pb_section]<\/p>\n","protected":false},"excerpt":{"rendered":"<p>La forma f\u00e1cil de ordenar los destinosOrdenados por Tiempo y por DistanciaRellene el formulario &#8211; Haga el pago &#8211; Reciba los destinos ordenadosEjemplo descargable al pie de esta p\u00e1gina.PASO 1 Formulario Complete el formulario que aparece a continuaci\u00f3n o a trav\u00e9s del siguiente enlace:Formulario Distancia DestinoPASO 2 Pago Calcule la cuant\u00eda de su petici\u00f3n y [&hellip;]<\/p>\n","protected":false},"author":1,"featured_media":0,"parent":0,"menu_order":0,"comment_status":"closed","ping_status":"closed","template":"","meta":{"_et_pb_use_builder":"on","_et_pb_old_content":"<!-- wp:heading {\"level\":3,\"align\":\"wide\",\"style\":{\"typography\":{\"lineHeight\":\"1.1\",\"fontStyle\":\"normal\",\"fontWeight\":\"100\"}},\"textColor\":\"black\",\"className\":\"has-text-align-wide\",\"fontSize\":\"huge\"} -->\n<h3 class=\"alignwide has-text-align-wide has-black-color has-text-color has-huge-font-size\" style=\"font-style:normal;font-weight:100;line-height:1.1\">La forma f\u00e1cil de ordenar los destinos<\/h3>\n<!-- \/wp:heading -->\n\n<!-- wp:spacer -->\n<div style=\"height:100px\" aria-hidden=\"true\" class=\"wp-block-spacer\"><\/div>\n<!-- \/wp:spacer -->\n\n<!-- wp:columns {\"verticalAlignment\":\"center\",\"align\":\"wide\",\"className\":\"is-style-twentytwentyone-columns-overlap\"} -->\n<div class=\"wp-block-columns alignwide are-vertically-aligned-center is-style-twentytwentyone-columns-overlap\"><!-- wp:column {\"verticalAlignment\":\"center\"} -->\n<div class=\"wp-block-column is-vertically-aligned-center\"><\/div>\n<!-- \/wp:column -->\n\n<!-- wp:column {\"verticalAlignment\":\"center\"} -->\n<div class=\"wp-block-column is-vertically-aligned-center\"><!-- wp:spacer -->\n<div style=\"height:100px\" aria-hidden=\"true\" class=\"wp-block-spacer\"><\/div>\n<!-- \/wp:spacer --><\/div>\n<!-- \/wp:column --><\/div>\n<!-- \/wp:columns -->\n\n<!-- wp:spacer {\"height\":\"50px\"} -->\n<div style=\"height:50px\" aria-hidden=\"true\" class=\"wp-block-spacer\"><\/div>\n<!-- \/wp:spacer -->\n\n<!-- wp:columns {\"verticalAlignment\":\"top\",\"align\":\"wide\"} -->\n<div class=\"wp-block-columns alignwide are-vertically-aligned-top\"><!-- wp:column {\"verticalAlignment\":\"top\"} -->\n<div class=\"wp-block-column is-vertically-aligned-top\"><!-- wp:heading {\"level\":3} -->\n<h3>Add block patterns<\/h3>\n<!-- \/wp:heading -->\n\n<!-- wp:paragraph -->\n<p>Block patterns are pre-designed groups of blocks. To add one, select the Add Block button [+] in the toolbar at the top of the editor. Switch to the Patterns tab underneath the search bar, and choose a pattern.<\/p>\n<!-- \/wp:paragraph --><\/div>\n<!-- \/wp:column -->\n\n<!-- wp:column {\"verticalAlignment\":\"top\"} -->\n<div class=\"wp-block-column is-vertically-aligned-top\"><!-- wp:heading {\"level\":3} -->\n<h3>Frame your images<\/h3>\n<!-- \/wp:heading -->\n\n<!-- wp:paragraph -->\n<p>Twenty Twenty-One includes stylish borders for your content. With an Image block selected, open the \"Styles\" panel within the Editor sidebar. Select the \"Frame\" block style to activate it.<\/p>\n<!-- \/wp:paragraph --><\/div>\n<!-- \/wp:column -->\n\n<!-- wp:column {\"verticalAlignment\":\"top\"} -->\n<div class=\"wp-block-column is-vertically-aligned-top\"><!-- wp:heading {\"level\":3} -->\n<h3>Overlap columns<\/h3>\n<!-- \/wp:heading -->\n\n<!-- wp:paragraph -->\n<p>Twenty Twenty-One also includes an overlap style for column blocks. With a Columns block selected, open the \"Styles\" panel within the Editor sidebar. Choose the \"Overlap\" block style to try it out.<\/p>\n<!-- \/wp:paragraph --><\/div>\n<!-- \/wp:column --><\/div>\n<!-- \/wp:columns -->\n\n<!-- wp:spacer -->\n<div style=\"height:100px\" aria-hidden=\"true\" class=\"wp-block-spacer\"><\/div>\n<!-- \/wp:spacer -->\n\n<!-- wp:cover {\"overlayColor\":\"green\",\"contentPosition\":\"center center\",\"isDark\":false,\"align\":\"wide\",\"className\":\"is-style-twentytwentyone-border\"} -->\n<div class=\"wp-block-cover alignwide is-light is-style-twentytwentyone-border\"><span aria-hidden=\"true\" class=\"wp-block-cover__background has-green-background-color has-background-dim-100 has-background-dim\"><\/span><div class=\"wp-block-cover__inner-container\"><!-- wp:spacer {\"height\":\"20px\"} -->\n<div style=\"height:20px\" aria-hidden=\"true\" class=\"wp-block-spacer\"><\/div>\n<!-- \/wp:spacer -->\n\n<!-- wp:paragraph {\"fontSize\":\"huge\"} -->\n<p class=\"has-huge-font-size\">Need help?<\/p>\n<!-- \/wp:paragraph -->\n\n<!-- wp:spacer {\"height\":\"75px\"} -->\n<div style=\"height:75px\" aria-hidden=\"true\" class=\"wp-block-spacer\"><\/div>\n<!-- \/wp:spacer -->\n\n<!-- wp:columns -->\n<div class=\"wp-block-columns\"><!-- wp:column -->\n<div class=\"wp-block-column\"><!-- wp:paragraph -->\n<p><a href=\"https:\/\/wordpress.org\/support\/article\/twenty-twenty-one\/\">Read the Theme Documentation<\/a><\/p>\n<!-- \/wp:paragraph --><\/div>\n<!-- \/wp:column -->\n\n<!-- wp:column -->\n<div class=\"wp-block-column\"><!-- wp:paragraph -->\n<p><a href=\"https:\/\/wordpress.org\/support\/theme\/twentytwentyone\/\">Check out the Support Forums<\/a><\/p>\n<!-- \/wp:paragraph --><\/div>\n<!-- \/wp:column --><\/div>\n<!-- \/wp:columns -->\n\n<!-- wp:spacer {\"height\":\"20px\"} -->\n<div style=\"height:20px\" aria-hidden=\"true\" class=\"wp-block-spacer\"><\/div>\n<!-- \/wp:spacer --><\/div><\/div>\n<!-- \/wp:cover -->","_et_gb_content_width":"","footnotes":""},"class_list":["post-11","page","type-page","status-publish","hentry"],"_links":{"self":[{"href":"https:\/\/distanciadestino.com\/index.php?rest_route=\/wp\/v2\/pages\/11","targetHints":{"allow":["GET"]}}],"collection":[{"href":"https:\/\/distanciadestino.com\/index.php?rest_route=\/wp\/v2\/pages"}],"about":[{"href":"https:\/\/distanciadestino.com\/index.php?rest_route=\/wp\/v2\/types\/page"}],"author":[{"embeddable":true,"href":"https:\/\/distanciadestino.com\/index.php?rest_route=\/wp\/v2\/users\/1"}],"replies":[{"embeddable":true,"href":"https:\/\/distanciadestino.com\/index.php?rest_route=%2Fwp%2Fv2%2Fcomments&post=11"}],"version-history":[{"count":38,"href":"https:\/\/distanciadestino.com\/index.php?rest_route=\/wp\/v2\/pages\/11\/revisions"}],"predecessor-version":[{"id":132,"href":"https:\/\/distanciadestino.com\/index.php?rest_route=\/wp\/v2\/pages\/11\/revisions\/132"}],"wp:attachment":[{"href":"https:\/\/distanciadestino.com\/index.php?rest_route=%2Fwp%2Fv2%2Fmedia&parent=11"}],"curies":[{"name":"wp","href":"https:\/\/api.w.org\/{rel}","templated":true}]}}